


{"id":3848,"date":"2024-01-26T15:52:46","date_gmt":"2024-01-26T15:52:46","guid":{"rendered":"https:\/\/syta.org\/summit2024\/?page_id=3848"},"modified":"2026-05-07T13:52:15","modified_gmt":"2026-05-07T17:52:15","slug":"pre-post-fam","status":"publish","type":"page","link":"https:\/\/syta.org\/summit2027\/pre-post-fam\/","title":{"rendered":"PRE \/ POST FAM"},"content":{"rendered":"[et_pb_section fb_built=&#8221;1&#8243; fullwidth=&#8221;on&#8221; _builder_version=&#8221;4.16&#8243; global_colors_info=&#8221;{}&#8221;][et_pb_fullwidth_image src=&#8221;https:\/\/syta.org\/summit2027\/wp-content\/uploads\/sites\/15\/2026\/05\/SYTA-SUMMIT-2027-PREPOSTFAM-scaled.jpg&#8221; title_text=&#8221;SYTA-SUMMIT-2027-PREPOSTFAM&#8221; _builder_version=&#8221;4.27.6&#8243; global_colors_info=&#8221;{}&#8221;][\/et_pb_fullwidth_image][\/et_pb_section][et_pb_section fb_built=&#8221;1&#8243; _builder_version=&#8221;4.16&#8243; global_colors_info=&#8221;{}&#8221;][et_pb_row _builder_version=&#8221;4.16&#8243; global_colors_info=&#8221;{}&#8221;][et_pb_column type=&#8221;4_4&#8243; _builder_version=&#8221;4.16&#8243; custom_padding=&#8221;|||&#8221; global_colors_info=&#8221;{}&#8221; custom_padding__hover=&#8221;|||&#8221;][et_pb_text admin_label=&#8221;Tour Operators&#8221; _builder_version=&#8221;4.27.6&#8243; text_text_color=&#8221;#000000&#8243; global_colors_info=&#8221;{}&#8221;]<h3 style=\"font-weight: 400;\"><strong>Post-Summit FAM: New Zealand Student Travel Experience<\/strong><\/h3>[\/et_pb_text][et_pb_video src=&#8221;https:\/\/youtu.be\/DoRFxWuBI8o?si=oRlSwKPf7ZBcZilQ&#8221; _builder_version=&#8221;4.27.6&#8243; _module_preset=&#8221;default&#8221; width=&#8221;55%&#8221; module_alignment=&#8221;center&#8221; hover_enabled=&#8221;0&#8243; sticky_enabled=&#8221;0&#8243;][\/et_pb_video][et_pb_text admin_label=&#8221;Tour Operators&#8221; _builder_version=&#8221;4.27.6&#8243; text_text_color=&#8221;#000000&#8243; global_colors_info=&#8221;{}&#8221;]<p>Following the SYTA Summit 2027 in Honolulu, a select group of SYTA member leaders will be invited to take part in an exclusive North Island New Zealand FAM Trip.<\/p>\n<p>Designed as a high-impact buyer program, this experience goes beyond traditional familiarization. It is intentionally built for decision-makers looking to actively expand into New Zealand, with a focus on product validation, supplier access, and real-world program development.<\/p>\n<p>Across Auckland, the Bay of Islands, and Rotorua, participants will engage directly with key partners, explore scalable student travel experiences, and assess operational logistics firsthand. The goal is simple: to return with the relationships, insight, and confidence needed to successfully build and sell New Zealand programs within the next 12\u201324 months.<\/p>[\/et_pb_text][et_pb_text admin_label=&#8221;Tour Operators&#8221; _builder_version=&#8221;4.27.6&#8243; text_text_color=&#8221;#000000&#8243; custom_margin=&#8221;||19px|||&#8221; global_colors_info=&#8221;{}&#8221;]<h3 style=\"font-weight: 400;\"><strong>Program Snapshot<\/strong><\/h3>[\/et_pb_text][et_pb_text admin_label=&#8221;Tour Operators&#8221; _builder_version=&#8221;4.27.6&#8243; text_text_color=&#8221;#000000&#8243; global_colors_info=&#8221;{}&#8221;]<ul>\n<li style=\"list-style-type: none;\">\n<ul>\n<li><strong>Dates:<\/strong> January 25 \u2013 February 1, 2027<\/li>\n<li><strong>Destination:<\/strong> New Zealand (North Island only)<\/li>\n<li><strong>Regions Featured:<\/strong> Auckland, Bay of Islands, Rotorua<\/li>\n<li><strong>Hosted by:<\/strong> Tour Time<\/li>\n<li><strong>Participant Profile:<\/strong> SYTA member company owners and senior decision-makers<\/li>\n<li><strong>Capacity:<\/strong> Limited to 20\u201324 participants<\/li>\n<\/ul>\n<\/li>\n<\/ul>\n<p>Participants should plan to arrive in Auckland on Monday, January 25, following travel from Honolulu. The program concludes in Auckland on Monday, February 1, with onward or return travel options available.<\/p>[\/et_pb_text][et_pb_text admin_label=&#8221;Tour Operators&#8221; _builder_version=&#8221;4.27.6&#8243; text_text_color=&#8221;#000000&#8243; custom_margin=&#8221;||19px|||&#8221; global_colors_info=&#8221;{}&#8221;]<h3 style=\"font-weight: 400;\"><strong>Featured Experiences May Include:<\/strong><\/h3>[\/et_pb_text][et_pb_text admin_label=&#8221;Tour Operators&#8221; _builder_version=&#8221;4.27.6&#8243; text_text_color=&#8221;#000000&#8243; global_colors_info=&#8221;{}&#8221;]<ul>\n<li style=\"list-style-type: none;\">\n<ul>\n<li>Auckland Waterfront Welcome &amp; Orientation \u2013 Arrival briefing and evening welcome dinner overlooking the harbor.<\/li>\n<li>Goat Island Marine Reserve &amp; Northland Journey \u2013 Explore coastal ecosystems and journey north through one of New Zealand\u2019s most scenic regions.<\/li>\n<li>Matap\u014duri &amp; Tutukaka Coast \u2013 Experience beaches, swimming, and coastal exploration in a relaxed learning environment.<\/li>\n<li>Bay of Islands &amp; Waitangi Treaty Grounds \u2013 Gain insight into M\u0101ori history, culture, and the foundational Treaty of Waitangi experience.<\/li>\n<li>Hobbiton Movie Set \u2013 Visit one of New Zealand\u2019s most iconic film tourism destinations with global student appeal.<\/li>\n<li>Rotorua Cultural &amp; Geothermal Experiences \u2013 Engage with M\u0101ori cultural performance, traditional h\u0101ng\u012b dining, and geothermal landscapes.<\/li>\n<li>STEM &amp; Education Programming in Rotorua \u2013 Explore curriculum-linked learning opportunities including science, geography, and sport integration.<\/li>\n<li>Controlled Adventure Experience (Rotorua) \u2013 Participate in a guided activity such as white-water rafting with safety, risk, and duty-of-care focus.<\/li>\n<li>Auckland Product Development Workshop \u2013 Final session focused on building New Zealand itineraries, pricing strategies, and supplier engagement.<\/li>\n<\/ul>\n<\/li>\n<\/ul>\n<p>The FAM concludes with structured workshops and supplier connections designed to support immediate product development and long-haul student travel programming.<\/p>\n<p>Participants will return with first-hand destination knowledge, strengthened supplier relationships, and practical tools to confidently build and sell New Zealand student travel itineraries.<\/p>[\/et_pb_text][et_pb_text admin_label=&#8221;Tour Operators&#8221; _builder_version=&#8221;4.27.6&#8243; text_text_color=&#8221;#000000&#8243; custom_margin=&#8221;||19px|||&#8221; global_colors_info=&#8221;{}&#8221;]<h3 style=\"font-weight: 400;\"><strong>What Is Included<\/strong><\/h3>[\/et_pb_text][et_pb_text admin_label=&#8221;Tour Operators&#8221; _builder_version=&#8221;4.27.6&#8243; text_text_color=&#8221;#000000&#8243; custom_margin=&#8221;||27px|||&#8221; global_colors_info=&#8221;{}&#8221;]<p>Tour Time will host the approved group for the on-ground FAM program, including:<\/p>\n<ul>\n<li style=\"list-style-type: none;\">\n<ul>\n<li>Accommodation with hotel partners<\/li>\n<li>In-destination transportation<\/li>\n<li>Curated site inspections and experiences<\/li>\n<li>Selected meals<\/li>\n<li>Access to regional partners, attractions, and key tourism stakeholders<\/li>\n<\/ul>\n<\/li>\n<\/ul>[\/et_pb_text][et_pb_text admin_label=&#8221;Tour Operators&#8221; _builder_version=&#8221;4.27.6&#8243; text_text_color=&#8221;#000000&#8243; custom_margin=&#8221;-10px||19px|||&#8221; global_colors_info=&#8221;{}&#8221;]<h3 style=\"font-weight: 400;\"><strong>What Is Included<\/strong><\/h3>[\/et_pb_text][et_pb_text admin_label=&#8221;Tour Operators&#8221; _builder_version=&#8221;4.27.6&#8243; text_text_color=&#8221;#000000&#8243; global_colors_info=&#8221;{}&#8221;]<p>Participants are responsible for:<\/p>\n<ul>\n<li style=\"list-style-type: none;\">\n<ul>\n<li>International flights to and from New Zealand<\/li>\n<li>SYTA participation \/ administration fee<\/li>\n<li>Travel insurance<\/li>\n<li>Personal expenses and incidentals<\/li>\n<li>Any optional post-FAM extension costs<\/li>\n<\/ul>\n<\/li>\n<\/ul>\n<p><em>An optional extension may be offered following the FAM. This would be subsidized but not complimentary.<\/em><\/p>[\/et_pb_text][et_pb_text admin_label=&#8221;Tour Operators&#8221; _builder_version=&#8221;4.27.6&#8243; text_text_color=&#8221;#000000&#8243; custom_margin=&#8221;-10px||19px|||&#8221; global_colors_info=&#8221;{}&#8221;]<h3 style=\"font-weight: 400;\"><strong>Participation &amp; Application<\/strong><\/h3>[\/et_pb_text][et_pb_text admin_label=&#8221;Tour Operators&#8221; _builder_version=&#8221;4.27.6&#8243; text_text_color=&#8221;#000000&#8243; custom_padding=&#8221;||0px|||&#8221; hover_enabled=&#8221;0&#8243; global_colors_info=&#8221;{}&#8221; sticky_enabled=&#8221;0&#8243;]<p>This program is designed for SYTA member company owners and senior decision-makers who are in a position to assess, contract, and sell New Zealand within their student and youth travel portfolio.<\/p>\n<p>Ideal participants will demonstrate:<\/p>\n<ul>\n<li style=\"list-style-type: none;\">\n<ul>\n<li>Active engagement in student and youth travel<\/li>\n<li>Proven ability to generate group volume<\/li>\n<li>Interest across education, sports, performance, or special interest travel<\/li>\n<li>Clear intent to develop New Zealand programming within the next 12\u201324 months<\/li>\n<\/ul>\n<\/li>\n<\/ul>\n<p>Participation is limited and subject to approval. This is a vetted program, not first-come, first-served.<\/p>\n<p>Applicants will be evaluated based on:<\/p>\n<ul>\n<li style=\"list-style-type: none;\">\n<ul>\n<li>Business fit and market relevance<\/li>\n<li>Product conversion potential<\/li>\n<li>Geographic and segment diversity<\/li>\n<li>Alignment with SYTA\u2019s strategic objectives<\/li>\n<\/ul>\n<\/li>\n<\/ul>\n<p>T<span>o be considered, please complete the application form <strong>here<\/strong>.<\/span><\/p>[\/et_pb_text][et_pb_text admin_label=&#8221;Tour Operators&#8221; _builder_version=&#8221;4.27.6&#8243; text_text_color=&#8221;#000000&#8243; custom_margin=&#8221;-10px||19px|||&#8221; global_colors_info=&#8221;{}&#8221;]<h3 style=\"font-weight: 400;\"><strong>Questions<\/strong><\/h3>[\/et_pb_text][et_pb_text admin_label=&#8221;Tour Operators&#8221; _builder_version=&#8221;4.27.6&#8243; text_text_color=&#8221;#000000&#8243; global_colors_info=&#8221;{}&#8221; custom_margin=&#8221;||7px|||&#8221;]<p>If you have any questions, please contact <strong>Brent Imrie<\/strong>, Managing Director, Tour Time at\u00a0<a href=\"mailto:Brent.Imrie@tourtime.co.nz\">Brent.Imrie@tourtime.co.nz<\/a><\/p>\n<ul>\n<li style=\"list-style-type: none;\">\n<ul><\/ul>\n<\/li>\n<\/ul>[\/et_pb_text][et_pb_image src=&#8221;https:\/\/syta.org\/summit2027\/wp-content\/uploads\/sites\/15\/2026\/05\/Tour-Time-std-GREY-w-subline-CLEAR-background-scaled.png&#8221; _builder_version=&#8221;4.27.6&#8243; _module_preset=&#8221;default&#8221; title_text=&#8221;Tour Time std GREY w subline &#8211; CLEAR background&#8221; min_height=&#8221;100px&#8221; width=&#8221;20%&#8221; hover_enabled=&#8221;0&#8243; sticky_enabled=&#8221;0&#8243;][\/et_pb_image][et_pb_text disabled_on=&#8221;on|on|on&#8221; admin_label=&#8221;Thursday Schedule&#8221; _builder_version=&#8221;4.27.6&#8243; text_text_color=&#8221;#000000&#8243; disabled=&#8221;on&#8221; global_colors_info=&#8221;{}&#8221;]<h3 style=\"font-weight: 400;\"><strong>SCHEDULE<\/strong><\/h3>\n<p><em>Current as of December 4, 2023.<\/em><\/p>\n<table style=\"height: 290px; width: 93.579587%;\" cellspacing=\"50\" cellpadding=\"25\">\n<tbody>\n<tr style=\"background-color: #cbd3e2; height: 23px;\">\n<td style=\"width: 39.6484%; text-align: center; height: 23px;\"><strong>Thursday, February 1\u00a0<\/strong><\/td>\n<td style=\"width: 22.9492%; text-align: center; height: 23px;\"><strong>Time<\/strong><\/td>\n<td style=\"width: 23.13%; text-align: center; height: 23px;\"><\/td>\n<\/tr>\n<tr style=\"height: 23px;\">\n<td style=\"width: 39.6484%; height: 23px;\">Breakfast Buffet<\/td>\n<td style=\"width: 22.9492%; height: 23px; text-align: center;\">7:00 AM &#8211; 8:30 AM<\/td>\n<td style=\"width: 23.13%; height: 23px;\">Tactic Foyer<\/td>\n<\/tr>\n<tr style=\"height: 23px;\">\n<td style=\"width: 39.6484%; height: 23px;\">Depart Hotel Lobby<\/td>\n<td style=\"width: 22.9492%; height: 23px; text-align: center;\">8:30 AM<\/td>\n<td style=\"width: 23.13%; height: 23px;\"><\/td>\n<\/tr>\n<tr>\n<td style=\"width: 39.6484%;\">Andretti Indoor Karting &amp; Games<\/td>\n<td style=\"width: 22.9492%; text-align: center;\">9:00 AM<\/td>\n<td style=\"width: 23.13%;\"><\/td>\n<\/tr>\n<tr style=\"height: 23px;\">\n<td style=\"width: 39.6484%; height: 23px;\">Depart Andretti for ICON Park<\/td>\n<td style=\"width: 22.9492%; height: 23px; text-align: center;\">9:30 AM<\/td>\n<td style=\"width: 23.13%; height: 23px;\"><em>WonderWorks, Main Event (Point Orlando)<\/em><\/td>\n<\/tr>\n<tr style=\"height: 10px;\">\n<td style=\"width: 39.6484%; height: 10px;\">Arrive I-Drive \/ ICON Park for Tour<\/td>\n<td style=\"width: 22.9492%; height: 10px; text-align: center;\">9:45 AM<\/td>\n<td style=\"width: 23.13%; height: 10px;\"><em>Wheel\/Sea Life\/ Madame Tussauds\/Ole Red\/ Yard House\/ Museum of Illusion<\/em><\/td>\n<\/tr>\n<tr>\n<td style=\"width: 39.6484%;\">Depart ICON for Fun Spot<\/td>\n<td style=\"width: 22.9492%; text-align: center;\">10:45 AM<\/td>\n<td style=\"width: 23.13%;\"><em>Ripley&#8217;s\/ Sleuths Dinner Theatre\/iFLY<\/em><\/td>\n<\/tr>\n<tr>\n<td style=\"width: 39.6484%;\">Tour and Snack at Fun Spot<\/td>\n<td style=\"width: 22.9492%; text-align: center;\">11:00 AM<\/td>\n<td style=\"width: 23.13%;\"><em>\u00a0<\/em><\/td>\n<\/tr>\n<tr>\n<td style=\"width: 39.6484%;\">Depart Fun Spot for Amway Center<\/td>\n<td style=\"width: 22.9492%; text-align: center;\">11:45 AM<\/td>\n<td style=\"width: 23.13%;\"><em>\u00a0<\/em><\/td>\n<\/tr>\n<tr>\n<td style=\"width: 39.6484%;\">Tour of Amway Center<\/td>\n<td style=\"width: 22.9492%; text-align: center;\">12:15 PM<\/td>\n<td style=\"width: 23.13%;\"><em>\u00a0<\/em><\/td>\n<\/tr>\n<tr>\n<td style=\"width: 39.6484%;\">Depart Amway Center<\/td>\n<td style=\"width: 22.9492%; text-align: center;\">1:00 PM<\/td>\n<td style=\"width: 23.13%;\"><em>\u00a0<\/em><\/td>\n<\/tr>\n<tr>\n<td style=\"width: 39.6484%;\">Arrive Dr. Phillips Center for Performing Arts Tour and Lunch<\/td>\n<td style=\"width: 22.9492%; text-align: center;\">1:15 PM<\/td>\n<td style=\"width: 23.13%;\"><em>\u00a0<\/em><\/td>\n<\/tr>\n<tr>\n<td style=\"width: 39.6484%;\">Depart for Hotel<\/td>\n<td style=\"width: 22.9492%; text-align: center;\">3:15 PM<\/td>\n<td style=\"width: 23.13%;\"><em>\u00a0<\/em><\/td>\n<\/tr>\n<tr>\n<td style=\"width: 39.6484%;\">Arrive at Hotel<\/td>\n<td style=\"width: 22.9492%; text-align: center;\">3:45 PM<\/td>\n<td style=\"width: 23.13%;\"><em>\u00a0<\/em><\/td>\n<\/tr>\n<tr>\n<td style=\"width: 39.6484%;\">SYTA Social (open to local attendees)<\/td>\n<td style=\"width: 22.9492%; text-align: center;\">5:00 PM &#8211; 7:00 PM<\/td>\n<td style=\"width: 23.13%;\"><em>\u00a0<\/em><\/td>\n<\/tr>\n<\/tbody>\n<\/table>\n<p>&nbsp;<\/p>[\/et_pb_text][et_pb_text disabled_on=&#8221;on|on|on&#8221; admin_label=&#8221;Friday Schedule&#8221; _builder_version=&#8221;4.27.6&#8243; text_text_color=&#8221;#000000&#8243; disabled=&#8221;on&#8221; global_colors_info=&#8221;{}&#8221;]<p>&nbsp;<\/p>\n<table style=\"height: 290px; width: 93.579587%;\" cellspacing=\"50\" cellpadding=\"25\">\n<tbody>\n<tr style=\"background-color: #cbd3e2; height: 23px;\">\n<td style=\"width: 39.6484%; text-align: center; height: 23px;\"><strong>Friday, February 2\u00a0<\/strong><\/td>\n<td style=\"width: 22.9492%; text-align: center; height: 23px;\"><strong>Time<\/strong><\/td>\n<td style=\"width: 23.13%; text-align: center; height: 23px;\"><\/td>\n<\/tr>\n<tr style=\"height: 23px;\">\n<td style=\"width: 39.6484%; height: 23px;\">Breakfast Buffet<\/td>\n<td style=\"width: 22.9492%; height: 23px; text-align: center;\">7:00 AM &#8211; 8:30 AM<\/td>\n<td style=\"width: 23.13%; height: 23px;\">Tactic Foyer<\/td>\n<\/tr>\n<tr style=\"height: 17px;\">\n<td style=\"width: 39.6484%; height: 17px;\">Tour Operator Education and Discussions: Welcome and Travel Trends Visit Orlando<\/td>\n<td style=\"width: 22.9492%; height: 17px; text-align: center;\">8:30 AM<\/td>\n<td style=\"width: 23.13%; height: 17px;\"><\/td>\n<\/tr>\n<tr>\n<td style=\"width: 39.6484%;\">Welcome Visit Orlando<\/td>\n<td style=\"width: 22.9492%; text-align: center;\">8:30 AM &#8211; 9:00 AM<\/td>\n<td style=\"width: 23.13%;\"><\/td>\n<\/tr>\n<tr style=\"height: 23px;\">\n<td style=\"width: 39.6484%; height: 23px;\">Tour Operator Education and Discussions: Air and Charter Transportation<\/td>\n<td style=\"width: 22.9492%; height: 23px; text-align: center;\">9:30 AM<\/td>\n<td style=\"width: 23.13%; height: 23px;\"><\/td>\n<\/tr>\n<tr>\n<td style=\"width: 39.6484%;\">Tour Operator Education and Discussions: Motor Coach Transportation<\/td>\n<td style=\"width: 22.9492%; text-align: center;\">10:00 AM<\/td>\n<td style=\"width: 23.13%;\"><\/td>\n<\/tr>\n<tr style=\"height: 23px;\">\n<td style=\"width: 39.6484%; height: 23px;\">Tour Operator Education and Discussions: Hotel Trends &#8211; Working with our Partners<\/td>\n<td style=\"width: 22.9492%; height: 23px; text-align: center;\">10:30 AM<\/td>\n<td style=\"width: 23.13%; height: 23px;\"><\/td>\n<\/tr>\n<tr style=\"height: 10px;\">\n<td style=\"width: 39.6484%; height: 10px;\">Tour Operator Education and Discussions: Wrap Up<br \/>(ends 11:30 AM)<\/td>\n<td style=\"width: 22.9492%; height: 10px; text-align: center;\">11:00 AM<\/td>\n<td style=\"width: 23.13%; height: 10px;\"><\/td>\n<\/tr>\n<tr>\n<td style=\"width: 39.6484%;\">Meet in Hotel Lobby<\/td>\n<td style=\"width: 22.9492%; text-align: center;\">12:00 PM<\/td>\n<td style=\"width: 23.13%;\"><\/td>\n<\/tr>\n<tr>\n<td style=\"width: 39.6484%;\">Depart for Port Canaveral<\/td>\n<td style=\"width: 22.9492%; text-align: center;\">12:30 PM<\/td>\n<td style=\"width: 23.13%;\"><em>\u00a0<\/em><\/td>\n<\/tr>\n<\/tbody>\n<\/table>\n<p>&nbsp;<\/p>[\/et_pb_text][et_pb_text disabled_on=&#8221;on|on|on&#8221; admin_label=&#8221;Monday Schedule&#8221; _builder_version=&#8221;4.27.6&#8243; text_text_color=&#8221;#000000&#8243; disabled=&#8221;on&#8221; global_colors_info=&#8221;{}&#8221;]<p><em>Schedule for Attendees Participating in Post Tour.\u00a0<\/em><\/p>\n<table style=\"height: 155px; width: 93.579587%;\" cellspacing=\"50\" cellpadding=\"25\">\n<tbody>\n<tr style=\"background-color: #cbd3e2; height: 23px;\">\n<td style=\"width: 39.6484%; text-align: center; height: 23px;\"><strong>Monday, February 5<\/strong><\/td>\n<td style=\"width: 22.9492%; text-align: center; height: 23px;\"><strong>Time<\/strong><\/td>\n<td style=\"width: 23.13%; text-align: center; height: 23px;\"><\/td>\n<\/tr>\n<tr style=\"height: 23px;\">\n<td style=\"width: 39.6484%; height: 23px;\">Breakfast on Ship<\/td>\n<td style=\"width: 22.9492%; height: 23px; text-align: center;\">6:00 AM &#8211; 9:00 AM<\/td>\n<td style=\"width: 23.13%; height: 23px;\"><\/td>\n<\/tr>\n<tr>\n<td style=\"width: 39.6484%;\">Attendees may depart ship<\/td>\n<td style=\"width: 22.9492%; text-align: center;\">9:00 AM<\/td>\n<td style=\"width: 23.13%;\"><\/td>\n<\/tr>\n<tr style=\"height: 17px;\">\n<td style=\"width: 39.6484%; height: 17px;\">Depart Port Canaveral &#8211; Drive by: Jetty Park &amp; Ron Jon&#8217;s Surf Shop<\/td>\n<td style=\"width: 22.9492%; height: 17px; text-align: center;\">9:30 AM<\/td>\n<td style=\"width: 23.13%; height: 17px;\"><\/td>\n<\/tr>\n<tr style=\"height: 23px;\">\n<td style=\"width: 39.6484%; height: 23px;\">\n<p style=\"font-weight: 400;\">Kennedy Space Center Visitors Complex Tour and Lunch<\/p>\n<\/td>\n<td style=\"width: 22.9492%; height: 23px; text-align: center;\">9:30 AM &#8211; 12:30 PM<\/td>\n<td style=\"width: 23.13%; height: 23px;\"><\/td>\n<\/tr>\n<tr style=\"height: 23px;\">\n<td style=\"width: 39.6484%; height: 23px;\">Depart Kennedy Space Visitors Complex<\/td>\n<td style=\"width: 22.9492%; text-align: center; height: 23px;\">12:30 PM<\/td>\n<td style=\"width: 23.13%; height: 23px;\"><\/td>\n<\/tr>\n<tr style=\"height: 23px;\">\n<td style=\"width: 39.6484%; height: 23px;\">Drop off Orlando International Airport<\/td>\n<td style=\"width: 22.9492%; height: 23px; text-align: center;\">1:30 PM<\/td>\n<td style=\"width: 23.13%; height: 23px;\"><\/td>\n<\/tr>\n<tr style=\"height: 23px;\">\n<td style=\"width: 39.6484%; height: 23px;\">Drop off Aloft Hotel<\/td>\n<td style=\"width: 22.9492%; text-align: center; height: 23px;\">2:15 PM<\/td>\n<td style=\"width: 23.13%; height: 23px;\"><\/td>\n<\/tr>\n<\/tbody>\n<\/table>\n<p>&nbsp;<\/p>[\/et_pb_text][\/et_pb_column][\/et_pb_row][\/et_pb_section][et_pb_section fb_built=&#8221;1&#8243; fullwidth=&#8221;on&#8221; _builder_version=&#8221;4.27.4&#8243; background_color=&#8221;#1a325d&#8221; background_size=&#8221;contain&#8221; background_position=&#8221;top_center&#8221; custom_margin=&#8221;||||false|false&#8221; custom_padding=&#8221;||||false|false&#8221; global_module=&#8221;998&#8243; saved_tabs=&#8221;all&#8221; global_colors_info=&#8221;{}&#8221;][et_pb_fullwidth_image src=&#8221;https:\/\/syta.org\/summit2020\/wp-content\/uploads\/sites\/5\/2019\/05\/Summit20-WhiteTopLine.png&#8221; _builder_version=&#8221;4.27.4&#8243; custom_css_main_element=&#8221;transform: translatey(-1px);&#8221; global_colors_info=&#8221;{}&#8221;][\/et_pb_fullwidth_image][et_pb_fullwidth_post_slider posts_number=&#8221;4&#8243; include_categories=&#8221;9&#8243; orderby=&#8221;rand&#8221; show_more_button=&#8221;off&#8221; excerpt_length=&#8221;500&#8243; show_meta=&#8221;off&#8221; image_placement=&#8221;top&#8221; use_bg_overlay=&#8221;off&#8221; _builder_version=&#8221;4.27.4&#8243; header_level=&#8221;h4&#8243; header_font=&#8221;|700|||||||&#8221; header_font_size=&#8221;16px&#8221; body_font=&#8221;||||||||&#8221; meta_font=&#8221;||||||||&#8221; background_color=&#8221;rgba(196,196,196,0)&#8221; height_last_edited=&#8221;off|desktop&#8221; global_colors_info=&#8221;{}&#8221;][\/et_pb_fullwidth_post_slider][\/et_pb_section][et_pb_section fb_built=&#8221;1&#8243; _builder_version=&#8221;4.24.3&#8243; min_height=&#8221;133px&#8221; custom_padding=&#8221;||4px|||&#8221; global_module=&#8221;594&#8243; saved_tabs=&#8221;all&#8221; collapsed=&#8221;off&#8221; global_colors_info=&#8221;{}&#8221;][et_pb_row _builder_version=&#8221;4.27.6&#8243; _module_preset=&#8221;default&#8221; global_colors_info=&#8221;{}&#8221;][et_pb_column type=&#8221;4_4&#8243; _builder_version=&#8221;4.27.6&#8243; _module_preset=&#8221;default&#8221; global_colors_info=&#8221;{}&#8221;][et_pb_text _builder_version=&#8221;4.27.6&#8243; _module_preset=&#8221;default&#8221; global_colors_info=&#8221;{}&#8221;]<h1 style=\"text-align: center;\">STRATEGIC PARTNERS<\/h1>[\/et_pb_text][\/et_pb_column][\/et_pb_row][\/et_pb_section]","protected":false},"excerpt":{"rendered":"<p>Post-Summit FAM: New Zealand Student Travel ExperienceFollowing the SYTA Summit 2027 in Honolulu, a select group of SYTA member leaders will be invited to take part in an exclusive North [&hellip;]<\/p>\n","protected":false},"author":12,"featured_media":0,"parent":0,"menu_order":0,"comment_status":"closed","ping_status":"closed","template":"","meta":{"_acf_changed":false,"_et_pb_use_builder":"on","_et_pb_old_content":"","_et_gb_content_width":"","_price":"","_stock":"","_tribe_ticket_header":"","_tribe_default_ticket_provider":"","_tribe_ticket_capacity":"0","_ticket_start_date":"","_ticket_end_date":"","_tribe_ticket_show_description":"","_tribe_ticket_show_not_going":false,"_tribe_ticket_use_global_stock":"","_tribe_ticket_global_stock_level":"","_global_stock_mode":"","_global_stock_cap":"","_tribe_rsvp_for_event":"","_tribe_ticket_going_count":"","_tribe_ticket_not_going_count":"","_tribe_tickets_list":"[]","_tribe_ticket_has_attendee_info_fields":false,"footnotes":"","_tec_slr_enabled":"","_tec_slr_layout":""},"class_list":["post-3848","page","type-page","status-publish","hentry"],"acf":[],"ticketed":false,"_links":{"self":[{"href":"https:\/\/syta.org\/summit2027\/wp-json\/wp\/v2\/pages\/3848","targetHints":{"allow":["GET"]}}],"collection":[{"href":"https:\/\/syta.org\/summit2027\/wp-json\/wp\/v2\/pages"}],"about":[{"href":"https:\/\/syta.org\/summit2027\/wp-json\/wp\/v2\/types\/page"}],"author":[{"embeddable":true,"href":"https:\/\/syta.org\/summit2027\/wp-json\/wp\/v2\/users\/12"}],"replies":[{"embeddable":true,"href":"https:\/\/syta.org\/summit2027\/wp-json\/wp\/v2\/comments?post=3848"}],"version-history":[{"count":14,"href":"https:\/\/syta.org\/summit2027\/wp-json\/wp\/v2\/pages\/3848\/revisions"}],"predecessor-version":[{"id":6591,"href":"https:\/\/syta.org\/summit2027\/wp-json\/wp\/v2\/pages\/3848\/revisions\/6591"}],"wp:attachment":[{"href":"https:\/\/syta.org\/summit2027\/wp-json\/wp\/v2\/media?parent=3848"}],"curies":[{"name":"wp","href":"https:\/\/api.w.org\/{rel}","templated":true}]}}